{"id":11,"date":"2011-08-19T22:33:09","date_gmt":"2011-08-19T22:33:09","guid":{"rendered":"https:\/\/urbanizacionandalucia.com\/?page_id=11"},"modified":"2013-03-21T21:16:09","modified_gmt":"2013-03-21T21:16:09","slug":"urbanizacion-andalucia","status":"publish","type":"page","link":"https:\/\/urbanizacionandalucia.com\/?page_id=11","title":{"rendered":"Quienes Somos"},"content":{"rendered":"<p style=\"text-align: center;\"><strong><span style=\"text-decoration: underline;\"><img loading=\"lazy\" class=\"alignnone size-large wp-image-31\" title=\"cuadro 4 (vista 3D a escala 150 x 100)\" src=\"https:\/\/urbanizacionandalucia.com\/wp-content\/uploads\/2011\/08\/cuadro-4-vista-3D-a-escala-150-x-100-1024x662.jpg\" alt=\"\" width=\"525\" height=\"339\" srcset=\"https:\/\/urbanizacionandalucia.com\/wp-content\/uploads\/2011\/08\/cuadro-4-vista-3D-a-escala-150-x-100-1024x662.jpg 1024w, https:\/\/urbanizacionandalucia.com\/wp-content\/uploads\/2011\/08\/cuadro-4-vista-3D-a-escala-150-x-100-300x194.jpg 300w, https:\/\/urbanizacionandalucia.com\/wp-content\/uploads\/2011\/08\/cuadro-4-vista-3D-a-escala-150-x-100.jpg 1102w\" sizes=\"(max-width: 525px) 100vw, 525px\" \/><\/span>\u00a0\u00a0\u00a0<img loading=\"lazy\" class=\"alignnone size-full wp-image-181\" title=\"constructoracalusa\" src=\"https:\/\/urbanizacionandalucia.com\/wp-content\/uploads\/2011\/08\/constructoracalusa.jpg\" alt=\"\" width=\"91\" height=\"86\" \/><span style=\"text-decoration: underline;\"><br \/>\n<\/span><\/strong><\/p>\n<p><strong>Urbanizaci\u00f3n Andaluc\u00eda es un proyecto de urbanismo fundado en Julio del 2011 ante la alta necesidad de vivienda y desarrollo urbano organizado en el Municipio de Santander de Quilichao, Cauca.<\/strong><\/p>\n<p><em><strong>Misi\u00f3n:<\/strong><\/em><br \/>\nMejorar la calidad de vida de los habitantes de Santander de Quilichao mediante proyectos urban\u00edsticos de vivienda funcionales, de excelente ubicaci\u00f3n, con \u00e9nfasis en el esparcimiento a trav\u00e9s de zonas verdes y al alcance de la clase trabajadora Colombiana.<\/p>\n<p><em><strong>Visi\u00f3n:<\/strong><\/em><br \/>\nLiderar el desarrollo de Santander de\u00a0 Quilichao a trav\u00e9s de proyectos urban\u00edsticos sostenibles.\u00a0\u00a0\u00a0\u00a0\u00a0\u00a0\u00a0\u00a0\u00a0\u00a0\u00a0\u00a0\u00a0\u00a0\u00a0\u00a0\u00a0\u00a0\u00a0\u00a0\u00a0\u00a0 \u00a0 \u00a0\u00a0\u00a0\u00a0\u00a0\u00a0\u00a0\u00a0\u00a0\u00a0\u00a0\u00a0\u00a0\u00a0\u00a0\u00a0\u00a0\u00a0\u00a0\u00a0\u00a0\u00a0\u00a0\u00a0\u00a0\u00a0\u00a0\u00a0\u00a0\u00a0\u00a0\u00a0\u00a0\u00a0\u00a0\u00a0\u00a0\u00a0\u00a0\u00a0\u00a0\u00a0\u00a0 \u00a0 \u00a0 \u00a0 \u00a0 \u00a0 \u00a0 \u00a0 \u00a0 \u00a0 \u00a0 \u00a0 \u00a0 \u00a0 \u00a0 \u00a0 \u00a0 \u00a0 \u00a0 \u00a0 \u00a0 \u00a0 \u00a0 \u00a0 \u00a0 \u00a0 \u00a0 \u00a0 \u00a0 \u00a0 \u00a0\u00a0\u00a0\u00a0\u00a0\u00a0\u00a0\u00a0\u00a0\u00a0\u00a0\u00a0\u00a0\u00a0\u00a0\u00a0\u00a0\u00a0\u00a0\u00a0\u00a0\u00a0\u00a0\u00a0\u00a0\u00a0\u00a0\u00a0\u00a0\u00a0\u00a0\u00a0\u00a0\u00a0\u00a0\u00a0\u00a0\u00a0\u00a0\u00a0\u00a0\u00a0\u00a0\u00a0\u00a0\u00a0\u00a0\u00a0\u00a0\u00a0\u00a0\u00a0\u00a0\u00a0\u00a0\u00a0\u00a0\u00a0\u00a0\u00a0\u00a0\u00a0\u00a0\u00a0\u00a0\u00a0\u00a0\u00a0\u00a0\u00a0\u00a0\u00a0\u00a0\u00a0\u00a0\u00a0\u00a0\u00a0\u00a0\u00a0\u00a0\u00a0\u00a0\u00a0\u00a0\u00a0\u00a0\u00a0\u00a0\u00a0\u00a0\u00a0\u00a0\u00a0\u00a0\u00a0\u00a0\u00a0\u00a0\u00a0\u00a0\u00a0 <em><strong><\/strong><\/em><\/p>\n<p><em><strong>Valores:<\/strong><\/em><\/p>\n<table width=\"100%\" border=\"0\" cellspacing=\"0\" cellpadding=\"0\">\n<tbody>\n<tr>\n<td>\n<ul>\n<li>Incorporaci\u00f3n del medio ambiente a los proyectos de vivienda.<\/li>\n<li>Promoci\u00f3n de la calidad de vida y el esparcimiento a trav\u00e9s de amplias zonas verdes y dise\u00f1os funcionales con \u00e9nfasis en el espacio, la ventilaci\u00f3n y la iluminaci\u00f3n.<\/li>\n<li>Creaci\u00f3n de infraestructura sostenible<\/li>\n<li>Cumplimiento garantizado<\/li>\n<li>Promover equidad y responsabilidad social<\/li>\n<li>Honestidad y transparencia administrativa<\/li>\n<\/ul>\n<\/td>\n<\/tr>\n<\/tbody>\n<\/table>\n","protected":false},"excerpt":{"rendered":"<p>\u00a0\u00a0\u00a0 Urbanizaci\u00f3n Andaluc\u00eda es un proyecto de urbanismo fundado en Julio del 2011 ante la alta necesidad de vivienda y desarrollo urbano organizado en el Municipio de Santander de Quilichao, Cauca. Misi\u00f3n: Mejorar la calidad de vida de los habitantes de Santander de Quilichao mediante proyectos urban\u00edsticos de vivienda funcionales, de excelente ubicaci\u00f3n, con \u00e9nfasis &hellip; <\/p>\n<p><a class=\"more-link btn\" href=\"https:\/\/urbanizacionandalucia.com\/?page_id=11\">Continue reading<\/a><\/p>\n","protected":false},"author":1,"featured_media":0,"parent":0,"menu_order":0,"comment_status":"closed","ping_status":"closed","template":"template-onecolumn.php","meta":{"_mi_skip_tracking":false,"ngg_post_thumbnail":0},"_links":{"self":[{"href":"https:\/\/urbanizacionandalucia.com\/index.php?rest_route=\/wp\/v2\/pages\/11"}],"collection":[{"href":"https:\/\/urbanizacionandalucia.com\/index.php?rest_route=\/wp\/v2\/pages"}],"about":[{"href":"https:\/\/urbanizacionandalucia.com\/index.php?rest_route=\/wp\/v2\/types\/page"}],"author":[{"embeddable":true,"href":"https:\/\/urbanizacionandalucia.com\/index.php?rest_route=\/wp\/v2\/users\/1"}],"replies":[{"embeddable":true,"href":"https:\/\/urbanizacionandalucia.com\/index.php?rest_route=%2Fwp%2Fv2%2Fcomments&post=11"}],"version-history":[{"count":36,"href":"https:\/\/urbanizacionandalucia.com\/index.php?rest_route=\/wp\/v2\/pages\/11\/revisions"}],"predecessor-version":[{"id":280,"href":"https:\/\/urbanizacionandalucia.com\/index.php?rest_route=\/wp\/v2\/pages\/11\/revisions\/280"}],"wp:attachment":[{"href":"https:\/\/urbanizacionandalucia.com\/index.php?rest_route=%2Fwp%2Fv2%2Fmedia&parent=11"}],"curies":[{"name":"wp","href":"https:\/\/api.w.org\/{rel}","templated":true}]}}